{"id":58,"date":"2025-12-15T11:25:49","date_gmt":"2025-12-15T10:25:49","guid":{"rendered":"https:\/\/iarga.it\/religione-ragione\/?page_id=58"},"modified":"2026-01-30T06:16:08","modified_gmt":"2026-01-30T05:16:08","slug":"pagina-de-inicio","status":"publish","type":"page","link":"https:\/\/iarga.it\/religione-ragione\/es\/pagina-de-inicio\/","title":{"rendered":"P\u00e1gina de inicio"},"content":{"rendered":"<div style=\"font-family: Georgia, serif; max-width: 850px; margin: 20px auto; color: #2d3436; line-height: 1.8; background: #ffffff; padding: 30px; border: 1px solid #dfe6e9; border-radius: 4px; box-shadow: rgba(0, 0, 0, 0.05) 0px 10px 30px;\">\n<header style=\"background-color: #e8dcb3; padding: 30px; border-radius: 4px; margin-bottom: 40px;\">\n<div style=\"display: flex; flex-wrap: wrap; align-items: center; justify-content: center; gap: 20px;\">\n<div style=\"flex: 0 0 auto; text-align: center;\"><img loading=\"lazy\" decoding=\"async\" class=\"alignnone size-full wp-image-378\" src=\"https:\/\/iarga.it\/religione-ragione\/wp-content\/uploads\/2026\/01\/Cover-piccola-ES.jpg\" alt=\"\" width=\"214\" height=\"300\" \/><\/div>\n<div style=\"flex: 1; min-width: 280px; text-align: center;\">\n<h1 style=\"font-family: 'Georgia', 'Palatino', serif; color: #454343; font-size: clamp(24px, 5vw, 39px); margin-bottom: 10px; line-height: 1.1;\"><span style=\"font-family: 'times new roman', times;\">LA BIBLIA: \u00bfRELIGI\u00d3N O RAZ\u00d3N?<\/span><\/h1>\n<h2 style=\"font-size: 20px; color: #454343; font-weight: normal; margin-bottom: 15px;\">De Abraham a Jes\u00fas, un proyecto extraterrestre.<\/h2>\n<p style=\"font-size: 18px; color: #9e480e; font-family: 'Trebuchet MS', sans-serif; margin: 5px 0;\">Publicado en 9 idiomas<\/p>\n<p style=\"color: #9e480e; font-size: 28px; font-family: 'Trebuchet MS', sans-serif; font-weight: bold; margin-top: 10px;\">DESCARGA GRATUITA<\/p>\n<\/div>\n<\/div>\n<\/header>\n<div style=\"margin: 40px 0; text-align: left;\">\n<p style=\"text-align: left;\"><span style=\"font-family: arial, helvetica, sans-serif; font-size: 18px;\"><span style=\"text-align: center;\">El G\u00e9nesis relata en clave m\u00edtico-simb\u00f3lica a un Dios que crea el Universo, pero la propia tradici\u00f3n b\u00edblica reconoce un hecho estructural: el Creador casi nunca act\u00faa directamente en el mundo humano, sino que opera a trav\u00e9s de mediadores y signos descritos con el lenguaje de la \u00e9poca como \u00ab Elohim \u00bb, \u00ab \u00e1ngeles \u00bb, &#8220;voz&#8221;, &#8220;gloria&#8221;, &#8220;nube&#8221; y &#8220;fuego&#8221;.<br \/>\n<\/span>La lectura religiosa tradicional interpreta estos elementos como manifestaciones espirituales o simb\u00f3licas. El tratado en cuesti\u00f3n propone, en cambio, una relectura racional de los textos b\u00edblicos en t\u00e9rminos modernos: lo que hoy se denomina el \u00ab <span style=\"color: #993300;\"><strong>fen\u00f3meno EXTRATERRESTRE<\/strong><\/span> \u00bb.<\/span><\/p>\n<p style=\"text-align: left;\"><img loading=\"lazy\" decoding=\"async\" class=\"size-full wp-image-336\" src=\"https:\/\/iarga.it\/religione-ragione\/wp-content\/uploads\/2026\/01\/Schermata-2026-01-20-alle-21.13.47.jpg\" alt=\"\" width=\"1200\" height=\"664\" srcset=\"https:\/\/iarga.it\/religione-ragione\/wp-content\/uploads\/2026\/01\/Schermata-2026-01-20-alle-21.13.47.jpg 1200w, https:\/\/iarga.it\/religione-ragione\/wp-content\/uploads\/2026\/01\/Schermata-2026-01-20-alle-21.13.47-300x166.jpg 300w, https:\/\/iarga.it\/religione-ragione\/wp-content\/uploads\/2026\/01\/Schermata-2026-01-20-alle-21.13.47-1024x567.jpg 1024w, https:\/\/iarga.it\/religione-ragione\/wp-content\/uploads\/2026\/01\/Schermata-2026-01-20-alle-21.13.47-768x425.jpg 768w\" sizes=\"auto, (max-width: 1200px) 100vw, 1200px\" \/><\/p>\n<div style=\"margin-top: 20px; padding: 25px; background-color: #f8f9fa; border-left: 4px solid #9e480e; text-align: left; font-style: italic; font-size: 17px; color: #555;\">La Biblia no relata lo sobrenatural, sino intervenciones y proyectos extraterrestres coordinados por los \u00ab Seres Onnicreativos \u00bb, quienes representan el &#8220;brazo f\u00edsico-operativo de la Onnicreatividad&#8221;: la Inteligencia inmaterial creadora de todos los planos dimensionales del Universo.<\/div>\n<\/div>\n<section style=\"font-size: 18px; text-align: justify; padding: 0 10px;\">\n<h3 style=\"color: #9e480e; font-size: 24px; border-bottom: 1px solid #eee; padding-bottom: 10px;\">La Tesis Onnicreativa<\/h3>\n<p style=\"text-align: left;\">La <strong>Tesis Onnicreativa<\/strong> es una relectura de la Biblia en clave extraterrestre donde lo &#8220;divino&#8221; se convierte en &#8220;sobrehumano&#8221; y el &#8220;milagro&#8221; en &#8220;ciencia superior&#8221;. Bajo esta perspectiva, la Biblia ya no es un mito o un dogma de fe, sino un documento de car\u00e1cter documental y funcional, orientado a un proyecto educativo c\u00f3smico y escrito con el \u00fanico lenguaje simb\u00f3lico posible para la humanidad primitiva de aquel tiempo.<\/p>\n<h3 style=\"color: #9e480e; font-size: 24px; border-bottom: 1px solid #eee; padding-bottom: 10px; margin-top: 40px;\">Seres Onnicreativos y Seres Super-Civiles<\/h3>\n<p style=\"text-align: left;\">En la Tesis Onnicreativa, los &#8216;agentes&#8217; que en la narraci\u00f3n b\u00edblica son identificados como Dios, Elohim o \u00e1ngeles, son en realidad dos distintas categor\u00edas sobrehumanas pertenecientes, como nosotros, a la dimensi\u00f3n f\u00edsica: los <strong>Seres Onnicreativos<\/strong>, o sea las primeras manifestaciones de la <strong>Onnicreatividad<\/strong> (la Inteligencia Inmaterial fuente del Universo), y los <strong>Seres Super-Civiles<\/strong>, una categor\u00eda evolutiva intermedia entre la humanidad y los Seres Onnicreativos.<\/p>\n<h3 style=\"color: #9e480e; font-size: 24px; border-bottom: 1px solid #eee; padding-bottom: 10px; margin-top: 40px;\">La Tierra como Escuela de Almas<\/h3>\n<p style=\"text-align: left;\">La Tierra se interpreta como una <strong>Escuela de Almas<\/strong>, regulada por dos &#8220;sistemas inteligentes&#8221; complementarios: la <strong>Ectosfera<\/strong>, que gestiona el principio ego\u00edsta en la base de la selecci\u00f3n natural biol\u00f3gica, y la <strong>Exisfera<\/strong>, que acompa\u00f1a el recorrido individual de los seres humanos hacia el principio altruista y la conciencia \u00e9tica. El objetivo no es la creaci\u00f3n de un &#8220;para\u00edso&#8221; en la tierra, sino la maduraci\u00f3n espiritual individual para el tr\u00e1nsito a las dimensiones sobrehumanas.<\/p>\n<h3 style=\"color: #9e480e; font-size: 24px; border-bottom: 1px solid #eee; padding-bottom: 10px; margin-top: 40px;\">Jesucristo en el Proyecto Onnicreativo<\/h3>\n<p style=\"text-align: left;\">El advenimiento de <strong>Jesucristo<\/strong> representa la cumbre del Proyecto <strong>Onnicreativo terrestre<\/strong>. En esta relectura, Jes\u00fas no es el fundador de una religi\u00f3n, sino la encarnaci\u00f3n de un &#8220;<em>Ser<\/em> sobrehumano Onnicreativo&#8221; orientado a la instalaci\u00f3n de un &#8220;<em>C\u00f3digo \u00c9tico<\/em>&#8221; basado en el altruismo consciente.<\/p>\n<h3 style=\"color: #9e480e; font-size: 24px; border-bottom: 1px solid #eee; padding-bottom: 10px; margin-top: 40px;\">Biblia y ciencia<\/h3>\n<p style=\"text-align: left;\">La Tesis Onnicreativa no contradice la ciencia moderna, pero reconoce sus l\u00edmites hist\u00f3ricos y metodol\u00f3gicos. La Onnicreatividad, el esp\u00edritu, el alma y la realidad extraterrestre son hip\u00f3tesis compatibles con la <strong>ciencia del futuro<\/strong>. Este Tratado pide solo la disponibilidad para seguir una reconstrucci\u00f3n racional, coherente y no consolatoria del destino humano.<\/p>\n<\/section>\n<hr style=\"margin: 50px 0; border: 0; border-top: 2px solid #9e480e;\" \/>\n<div style=\"background-color: #fdfaf5; padding: 30px; border-radius: 8px; border: 1px solid #e8dcb3;\">\n<p style=\"font-weight: bold; text-align: center; color: #9e480e; font-size: 28px; font-family: 'Trebuchet MS', sans-serif; margin-bottom: 30px;\">DESCARGA GRATUITA<\/p>\n<form id=\"richiesta_form\" style=\"max-width: 600px; margin: 0 auto; font-family: sans-serif;\" action=\"\/spedisci_bibbia.php\" method=\"post\" name=\"richiesta_form\"><input name=\"lingua\" type=\"hidden\" value=\"es\" \/><\/p>\n<div style=\"margin-bottom: 20px;\"><label style=\"display: block; margin-bottom: 8px; font-weight: bold; font-size: 14px; color: #444;\" for=\"pos\">MI POSICI\u00d3N RESPECTO A LA PRESENCIA EXTRATERRESTRE EN LA BIBLIA<\/label><br \/>\n<select id=\"pos\" style=\"width: 100%; padding: 12px; border-radius: 4px; border: 1px solid #ccc;\" name=\"pos\" required=\"\"><option value=\"\">&#8212; Selecciona tu posici\u00f3n &#8212;<\/option><option value=\"Favorevole\">Favorable<\/option><option value=\"Incerta\">Incierta<\/option><option value=\"Scettica\">Esc\u00e9ptica<\/option><option value=\"Sfavorevole\">Desfavorable<\/option><\/select><\/div>\n<div style=\"margin-bottom: 20px;\"><label style=\"display: block; margin-bottom: 8px; font-weight: bold; font-size: 14px; color: #444;\" for=\"formato\">ELIGE EL FORMATO DEL LIBRO QUE MEJOR TE CONVENGA<\/label><br \/>\n<select id=\"formato\" style=\"width: 100%; padding: 12px; border-radius: 4px; border: 1px solid #ccc;\" name=\"formato\" required=\"\"><option value=\"\">&#8212; Selecciona un formato &#8212;<\/option><option value=\"A4\">A4 \u2192 adecuado para impresi\u00f3n a doble cara<\/option><option value=\"A5\">A5 \u2192 adecuado para lectura en tablet\/ordenador<\/option><option value=\"epub\">EPUB \u2192 e-book \/ tablet \/ smartphone<\/option><option value=\"mobi\">MOBI \u2192 e-book \/ tablet \/ smartphone<\/option><\/select><\/div>\n<div style=\"margin-bottom: 25px;\"><label style=\"display: block; margin-bottom: 8px; font-weight: bold; font-size: 14px; color: #444;\" for=\"mail\">EMAIL<\/label><br \/>\n<input id=\"mail\" style=\"width: 100%; padding: 12px; border-radius: 4px; border: 1px solid #ccc; box-sizing: border-box;\" name=\"mail\" required=\"\" type=\"email\" placeholder=\"introduce tu email...\" \/><\/div>\n<div style=\"text-align: center;\"><input style=\"background-color: #9e480e; color: white; padding: 15px 40px; border: none; border-radius: 4px; font-size: 18px; font-weight: bold; cursor: pointer; transition: background 0.3s;\" type=\"submit\" value=\"Enviar Solicitud\" \/><\/div>\n<\/form>\n<\/div>\n<footer style=\"text-align: center; margin-top: 40px; color: #95a5a6; font-size: 13px;\">\u00a9 2026 iarga.it &#8211; Investigaci\u00f3n y Divulgaci\u00f3n &#8211; Proyecto Onnicreativo<\/footer>\n<\/div>\n<p><script type=\"text\/javascript\" src=\"\/bibbia-wp-custom.js\"><\/script><\/p>\n","protected":false},"excerpt":{"rendered":"<p>LA BIBLIA: \u00bfRELIGI\u00d3N O RAZ\u00d3N? De Abraham a Jes\u00fas, un proyecto extraterrestre. Publicado en 9 idiomas DESCARGA GRATUITA El G\u00e9nesis relata en clave m\u00edtico-simb\u00f3lica a un Dios que crea el Universo, pero la propia&#46;&#46;&#46;<\/p>\n","protected":false},"author":2,"featured_media":0,"parent":0,"menu_order":0,"comment_status":"closed","ping_status":"closed","template":"","meta":{"footnotes":""},"class_list":["post-58","page","type-page","status-publish","hentry"],"yoast_head":"<!-- This site is optimized with the Yoast SEO plugin v26.6 - https:\/\/yoast.com\/wordpress\/plugins\/seo\/ -->\n<title>P\u00e1gina de inicio - Bibbia ET<\/title>\n<meta name=\"robots\" content=\"index, follow, max-snippet:-1, max-image-preview:large, max-video-preview:-1\" \/>\n<link rel=\"canonical\" href=\"https:\/\/iarga.it\/religione-ragione\/es\/pagina-de-inicio\/\" \/>\n<meta property=\"og:locale\" content=\"it_IT\" \/>\n<meta property=\"og:type\" content=\"article\" \/>\n<meta property=\"og:title\" content=\"P\u00e1gina de inicio - Bibbia ET\" \/>\n<meta property=\"og:description\" content=\"LA BIBLIA: \u00bfRELIGI\u00d3N O RAZ\u00d3N? De Abraham a Jes\u00fas, un proyecto extraterrestre. Publicado en 9 idiomas DESCARGA GRATUITA El G\u00e9nesis relata en clave m\u00edtico-simb\u00f3lica a un Dios que crea el Universo, pero la propia&#046;&#046;&#046;\" \/>\n<meta property=\"og:url\" content=\"https:\/\/iarga.it\/religione-ragione\/es\/pagina-de-inicio\/\" \/>\n<meta property=\"og:site_name\" content=\"Bibbia ET\" \/>\n<meta property=\"article:modified_time\" content=\"2026-01-30T05:16:08+00:00\" \/>\n<meta property=\"og:image\" content=\"https:\/\/iarga.it\/religione-ragione\/wp-content\/uploads\/2026\/01\/Cover-piccola-ES.jpg\" \/>\n\t<meta property=\"og:image:width\" content=\"214\" \/>\n\t<meta property=\"og:image:height\" content=\"300\" \/>\n\t<meta property=\"og:image:type\" content=\"image\/jpeg\" \/>\n<meta name=\"twitter:card\" content=\"summary_large_image\" \/>\n<meta name=\"twitter:label1\" content=\"Tempo di lettura stimato\" \/>\n\t<meta name=\"twitter:data1\" content=\"4 minuti\" \/>\n<script type=\"application\/ld+json\" class=\"yoast-schema-graph\">{\"@context\":\"https:\/\/schema.org\",\"@graph\":[{\"@type\":\"WebPage\",\"@id\":\"https:\/\/iarga.it\/religione-ragione\/es\/pagina-de-inicio\/\",\"url\":\"https:\/\/iarga.it\/religione-ragione\/es\/pagina-de-inicio\/\",\"name\":\"P\u00e1gina de inicio - Bibbia ET\",\"isPartOf\":{\"@id\":\"https:\/\/iarga.it\/religione-ragione\/#website\"},\"primaryImageOfPage\":{\"@id\":\"https:\/\/iarga.it\/religione-ragione\/es\/pagina-de-inicio\/#primaryimage\"},\"image\":{\"@id\":\"https:\/\/iarga.it\/religione-ragione\/es\/pagina-de-inicio\/#primaryimage\"},\"thumbnailUrl\":\"https:\/\/iarga.it\/religione-ragione\/wp-content\/uploads\/2026\/01\/Cover-piccola-ES.jpg\",\"datePublished\":\"2025-12-15T10:25:49+00:00\",\"dateModified\":\"2026-01-30T05:16:08+00:00\",\"breadcrumb\":{\"@id\":\"https:\/\/iarga.it\/religione-ragione\/es\/pagina-de-inicio\/#breadcrumb\"},\"inLanguage\":\"it-IT\",\"potentialAction\":[{\"@type\":\"ReadAction\",\"target\":[\"https:\/\/iarga.it\/religione-ragione\/es\/pagina-de-inicio\/\"]}]},{\"@type\":\"ImageObject\",\"inLanguage\":\"it-IT\",\"@id\":\"https:\/\/iarga.it\/religione-ragione\/es\/pagina-de-inicio\/#primaryimage\",\"url\":\"https:\/\/iarga.it\/religione-ragione\/wp-content\/uploads\/2026\/01\/Cover-piccola-ES.jpg\",\"contentUrl\":\"https:\/\/iarga.it\/religione-ragione\/wp-content\/uploads\/2026\/01\/Cover-piccola-ES.jpg\",\"width\":214,\"height\":300},{\"@type\":\"BreadcrumbList\",\"@id\":\"https:\/\/iarga.it\/religione-ragione\/es\/pagina-de-inicio\/#breadcrumb\",\"itemListElement\":[{\"@type\":\"ListItem\",\"position\":1,\"name\":\"Home\",\"item\":\"https:\/\/iarga.it\/religione-ragione\/\"},{\"@type\":\"ListItem\",\"position\":2,\"name\":\"P\u00e1gina de inicio\"}]},{\"@type\":\"WebSite\",\"@id\":\"https:\/\/iarga.it\/religione-ragione\/#website\",\"url\":\"https:\/\/iarga.it\/religione-ragione\/\",\"name\":\"Bibbia ET\",\"description\":\"\",\"potentialAction\":[{\"@type\":\"SearchAction\",\"target\":{\"@type\":\"EntryPoint\",\"urlTemplate\":\"https:\/\/iarga.it\/religione-ragione\/?s={search_term_string}\"},\"query-input\":{\"@type\":\"PropertyValueSpecification\",\"valueRequired\":true,\"valueName\":\"search_term_string\"}}],\"inLanguage\":\"it-IT\"}]}<\/script>\n<!-- \/ Yoast SEO plugin. -->","yoast_head_json":{"title":"P\u00e1gina de inicio - Bibbia ET","robots":{"index":"index","follow":"follow","max-snippet":"max-snippet:-1","max-image-preview":"max-image-preview:large","max-video-preview":"max-video-preview:-1"},"canonical":"https:\/\/iarga.it\/religione-ragione\/es\/pagina-de-inicio\/","og_locale":"it_IT","og_type":"article","og_title":"P\u00e1gina de inicio - Bibbia ET","og_description":"LA BIBLIA: \u00bfRELIGI\u00d3N O RAZ\u00d3N? De Abraham a Jes\u00fas, un proyecto extraterrestre. Publicado en 9 idiomas DESCARGA GRATUITA El G\u00e9nesis relata en clave m\u00edtico-simb\u00f3lica a un Dios que crea el Universo, pero la propia&#46;&#46;&#46;","og_url":"https:\/\/iarga.it\/religione-ragione\/es\/pagina-de-inicio\/","og_site_name":"Bibbia ET","article_modified_time":"2026-01-30T05:16:08+00:00","og_image":[{"width":214,"height":300,"url":"https:\/\/iarga.it\/religione-ragione\/wp-content\/uploads\/2026\/01\/Cover-piccola-ES.jpg","type":"image\/jpeg"}],"twitter_card":"summary_large_image","twitter_misc":{"Tempo di lettura stimato":"4 minuti"},"schema":{"@context":"https:\/\/schema.org","@graph":[{"@type":"WebPage","@id":"https:\/\/iarga.it\/religione-ragione\/es\/pagina-de-inicio\/","url":"https:\/\/iarga.it\/religione-ragione\/es\/pagina-de-inicio\/","name":"P\u00e1gina de inicio - Bibbia ET","isPartOf":{"@id":"https:\/\/iarga.it\/religione-ragione\/#website"},"primaryImageOfPage":{"@id":"https:\/\/iarga.it\/religione-ragione\/es\/pagina-de-inicio\/#primaryimage"},"image":{"@id":"https:\/\/iarga.it\/religione-ragione\/es\/pagina-de-inicio\/#primaryimage"},"thumbnailUrl":"https:\/\/iarga.it\/religione-ragione\/wp-content\/uploads\/2026\/01\/Cover-piccola-ES.jpg","datePublished":"2025-12-15T10:25:49+00:00","dateModified":"2026-01-30T05:16:08+00:00","breadcrumb":{"@id":"https:\/\/iarga.it\/religione-ragione\/es\/pagina-de-inicio\/#breadcrumb"},"inLanguage":"it-IT","potentialAction":[{"@type":"ReadAction","target":["https:\/\/iarga.it\/religione-ragione\/es\/pagina-de-inicio\/"]}]},{"@type":"ImageObject","inLanguage":"it-IT","@id":"https:\/\/iarga.it\/religione-ragione\/es\/pagina-de-inicio\/#primaryimage","url":"https:\/\/iarga.it\/religione-ragione\/wp-content\/uploads\/2026\/01\/Cover-piccola-ES.jpg","contentUrl":"https:\/\/iarga.it\/religione-ragione\/wp-content\/uploads\/2026\/01\/Cover-piccola-ES.jpg","width":214,"height":300},{"@type":"BreadcrumbList","@id":"https:\/\/iarga.it\/religione-ragione\/es\/pagina-de-inicio\/#breadcrumb","itemListElement":[{"@type":"ListItem","position":1,"name":"Home","item":"https:\/\/iarga.it\/religione-ragione\/"},{"@type":"ListItem","position":2,"name":"P\u00e1gina de inicio"}]},{"@type":"WebSite","@id":"https:\/\/iarga.it\/religione-ragione\/#website","url":"https:\/\/iarga.it\/religione-ragione\/","name":"Bibbia ET","description":"","potentialAction":[{"@type":"SearchAction","target":{"@type":"EntryPoint","urlTemplate":"https:\/\/iarga.it\/religione-ragione\/?s={search_term_string}"},"query-input":{"@type":"PropertyValueSpecification","valueRequired":true,"valueName":"search_term_string"}}],"inLanguage":"it-IT"}]}},"_links":{"self":[{"href":"https:\/\/iarga.it\/religione-ragione\/wp-json\/wp\/v2\/pages\/58","targetHints":{"allow":["GET"]}}],"collection":[{"href":"https:\/\/iarga.it\/religione-ragione\/wp-json\/wp\/v2\/pages"}],"about":[{"href":"https:\/\/iarga.it\/religione-ragione\/wp-json\/wp\/v2\/types\/page"}],"author":[{"embeddable":true,"href":"https:\/\/iarga.it\/religione-ragione\/wp-json\/wp\/v2\/users\/2"}],"replies":[{"embeddable":true,"href":"https:\/\/iarga.it\/religione-ragione\/wp-json\/wp\/v2\/comments?post=58"}],"version-history":[{"count":13,"href":"https:\/\/iarga.it\/religione-ragione\/wp-json\/wp\/v2\/pages\/58\/revisions"}],"predecessor-version":[{"id":399,"href":"https:\/\/iarga.it\/religione-ragione\/wp-json\/wp\/v2\/pages\/58\/revisions\/399"}],"wp:attachment":[{"href":"https:\/\/iarga.it\/religione-ragione\/wp-json\/wp\/v2\/media?parent=58"}],"curies":[{"name":"wp","href":"https:\/\/api.w.org\/{rel}","templated":true}]}}