{"id":103,"date":"2025-12-16T08:19:01","date_gmt":"2025-12-16T07:19:01","guid":{"rendered":"https:\/\/iarga.it\/religione-ragione\/?page_id=103"},"modified":"2026-01-30T08:47:58","modified_gmt":"2026-01-30T07:47:58","slug":"page-daccueil","status":"publish","type":"page","link":"https:\/\/iarga.it\/religione-ragione\/fr\/page-daccueil\/","title":{"rendered":"Page d&#8217;accueil"},"content":{"rendered":"<div style=\"font-family: Georgia, serif; max-width: 850px; margin: 20px auto; color: #2d3436; line-height: 1.8; background: #ffffff; padding: 30px; border: 1px solid #dfe6e9; border-radius: 4px; box-shadow: rgba(0, 0, 0, 0.05) 0px 10px 30px;\">\n<header style=\"background-color: #e8dcb3; padding: 30px; border-radius: 4px; margin-bottom: 40px;\">\n<div style=\"display: flex; flex-wrap: wrap; align-items: center; justify-content: center; gap: 20px;\">\n<div style=\"flex: 0 0 auto; text-align: center;\"><img loading=\"lazy\" decoding=\"async\" class=\"alignnone size-full wp-image-376\" src=\"https:\/\/iarga.it\/religione-ragione\/wp-content\/uploads\/2026\/01\/Cover-piccola-FR.jpg\" alt=\"\" width=\"214\" height=\"300\" \/><\/div>\n<div style=\"flex: 1; min-width: 280px; text-align: center;\">\n<h1 style=\"font-family: 'Georgia', 'Palatino', serif; color: #454343; font-size: clamp(24px, 5vw, 39px); margin-bottom: 10px; line-height: 1.1;\"><span style=\"font-family: 'times new roman', times;\">LA BIBLE : RELIGION OU RAISON?<\/span><\/h1>\n<h2 style=\"font-size: 20px; color: #454343; font-weight: normal; margin-bottom: 15px;\">D&#8217;Abraham \u00e0 J\u00e9sus, un projet extraterrestre.<\/h2>\n<p style=\"font-size: 18px; color: #9e480e; font-family: 'Trebuchet MS', sans-serif; margin: 5px 0;\">Publi\u00e9 in 9 langues<\/p>\n<p style=\"color: #9e480e; font-size: 28px; font-family: 'Trebuchet MS', sans-serif; font-weight: bold; margin-top: 10px;\">T\u00c9L\u00c9CHARGEMENT GRATUIT<\/p>\n<\/div>\n<\/div>\n<\/header>\n<div style=\"margin: 40px 0; text-align: left;\">\n<p style=\"text-align: left;\"><span style=\"font-family: arial, helvetica, sans-serif; font-size: 18px;\"><span style=\"text-align: center;\">La Gen\u00e8se raconte, dans une perspective mythico-symbolique, un Dieu qui cr\u00e9e l&#8217;Univers, mais la tradition biblique elle-m\u00eame reconna\u00eet un fait structurel : le Cr\u00e9ateur n&#8217;agit presque jamais directement dans le monde humain, mais op\u00e8re \u00e0 travers des m\u00e9diateurs et des signes d\u00e9crits avec le langage de l&#8217;\u00e9poque tels que \u00ab Elohim \u00bb, \u00ab anges \u00bb, &#8220;voix&#8221;, &#8220;gloire&#8221;, &#8220;nu\u00e9e&#8221; et &#8220;feu&#8221;.<br \/>\n<\/span>La lecture religieuse traditionnelle interpr\u00e8te ces \u00e9l\u00e9ments comme des manifestations spirituelles ou symboliques. Le trait\u00e9 en question propose au contraire une relecture rationnelle des textes bibliques en termes modernes : ce qui est aujourd&#8217;hui d\u00e9sign\u00e9 comme le \u00ab <span style=\"color: #993300;\"><strong>ph\u00e9nom\u00e8ne EXTRATERRESTRE<\/strong><\/span> \u00bb.<\/span><\/p>\n<p style=\"text-align: left;\"><img loading=\"lazy\" decoding=\"async\" class=\"size-full wp-image-336\" src=\"https:\/\/iarga.it\/religione-ragione\/wp-content\/uploads\/2026\/01\/Schermata-2026-01-20-alle-21.13.47.jpg\" alt=\"\" width=\"1200\" height=\"664\" srcset=\"https:\/\/iarga.it\/religione-ragione\/wp-content\/uploads\/2026\/01\/Schermata-2026-01-20-alle-21.13.47.jpg 1200w, https:\/\/iarga.it\/religione-ragione\/wp-content\/uploads\/2026\/01\/Schermata-2026-01-20-alle-21.13.47-300x166.jpg 300w, https:\/\/iarga.it\/religione-ragione\/wp-content\/uploads\/2026\/01\/Schermata-2026-01-20-alle-21.13.47-1024x567.jpg 1024w, https:\/\/iarga.it\/religione-ragione\/wp-content\/uploads\/2026\/01\/Schermata-2026-01-20-alle-21.13.47-768x425.jpg 768w\" sizes=\"auto, (max-width: 1200px) 100vw, 1200px\" \/><\/p>\n<div style=\"margin-top: 20px; padding: 25px; background-color: #f8f9fa; border-left: 4px solid #9e480e; text-align: left; font-style: italic; font-size: 17px; color: #555;\">La Bible non ne raconte pas le surnaturel, mais des interventions et des projets extraterrestres coordonn\u00e9s par les \u00ab \u00catres Onnicr\u00e9atifs \u00bb, lesquels repr\u00e9sentent le \u00ab bras physique-op\u00e9rationnel de l&#8217;Onnicr\u00e9ativit\u00e9 \u00bb : l&#8217;Intelligence immat\u00e9rielle cr\u00e9atrice de tous les plans dimensionnels de l&#8217;Univers.<\/div>\n<\/div>\n<section style=\"font-size: 18px; text-align: justify; padding: 0 10px;\">\n<h3 style=\"color: #9e480e; font-size: 24px; border-bottom: 1px solid #eee; padding-bottom: 10px;\">La Th\u00e8se Onnicr\u00e9ative<\/h3>\n<p style=\"text-align: left;\">La <strong>Th\u00e8se Onnicr\u00e9ative<\/strong> est une relecture de la Bible dans une perspective extraterrestre o\u00f9 le &#8220;divin&#8221; devient &#8220;surhumain&#8221; et le &#8220;miracle&#8221; devient &#8220;science sup\u00e9rieure&#8221;. Dans cette optique, la Bible n&#8217;est plus un mythe ou un dogme de foi, mais un document \u00e0 caract\u00e8re documentaire et fonctionnel, finalis\u00e9 par un projet \u00e9ducatif cosmique et \u00e9crit avec le seul langage symbolique possible pour l&#8217;humanit\u00e9 primitive de l&#8217;\u00e9poque.<\/p>\n<h3 style=\"color: #9e480e; font-size: 24px; border-bottom: 1px solid #eee; padding-bottom: 10px; margin-top: 40px;\">\u00catres Onnicr\u00e9atifs et \u00catres Super-Civils<\/h3>\n<p style=\"text-align: left;\">Dans la Th\u00e8se Onnicr\u00e9ative, les \u00ab agents \u00bb qui, dans la narration biblique, sont identifi\u00e9s comme Dieu, Elohim ou les anges, sont en r\u00e9alit\u00e9 deux cat\u00e9gories surhumaines distinctes appartenant, comme nous, \u00e0 la dimension physique : les <strong>\u00catres Onnicr\u00e9atifs<\/strong>, c&#8217;est-\u00e0-dire les premi\u00e8res manifestations de l&#8217;<strong>Onnicr\u00e9ativit\u00e9<\/strong> (l\u2019Intelligence Immat\u00e9rielle source de l\u2019Univers), et les <strong>\u00catres Super-Civils<\/strong>, une cat\u00e9gorie \u00e9volutive interm\u00e9diaire entre l&#8217;humanit\u00e9 et les \u00catres Onnicr\u00e9atifs.<\/p>\n<h3 style=\"color: #9e480e; font-size: 24px; border-bottom: 1px solid #eee; padding-bottom: 10px; margin-top: 40px;\">La Terre comme \u00c9cole des \u00c2mes<\/h3>\n<p style=\"text-align: left;\">La Terre est interpr\u00e9t\u00e9e come une <strong>\u00c9cole des \u00c2mes<\/strong>, r\u00e9gie par deux &#8220;syst\u00e8mes intelligents&#8221; compl\u00e9mentaires : l&#8217;<strong>Ectosph\u00e8re<\/strong>, qui g\u00e8re le principe \u00e9go\u00efste \u00e0 la base de la s\u00e9lection naturelle biologique, et l&#8217;<strong>Esisph\u00e8re<\/strong>, qui accompagne le parcours individuel des \u00eatres humains vers le principe altruiste et la conscience \u00e9thique. L&#8217;objectif n&#8217;est pas la cr\u00e9ation d&#8217;un &#8220;paradis&#8221; sur terre, ma la maturation spirituelle individuelle pour le passage aux dimensions surhumaines.<\/p>\n<h3 style=\"color: #9e480e; font-size: 24px; border-bottom: 1px solid #eee; padding-bottom: 10px; margin-top: 40px;\">J\u00e9sus le Christ dans le Projet Onnicr\u00e9atif<\/h3>\n<p style=\"text-align: left;\">L&#8217;av\u00e8nement de <strong>J\u00e9sus le Christ<\/strong> repr\u00e9sente le sommet du Projet <strong>Onnicr\u00e9atif terrestre<\/strong>. Dans cette relecture, J\u00e9sus n&#8217;est pas le fondateur d&#8217;une religion, mais l&#8217;incarnation d&#8217;un &#8220;<em>\u00catre<\/em> surhumain Onnicr\u00e9atif&#8221; finalis\u00e9 par l&#8217;installation d&#8217;un &#8220;<em>Code \u00c9thique<\/em>&#8221; fond\u00e9 sur l&#8217;altruisme conscient.<\/p>\n<h3 style=\"color: #9e480e; font-size: 24px; border-bottom: 1px solid #eee; padding-bottom: 10px; margin-top: 40px;\">Bible et science<\/h3>\n<p style=\"text-align: left;\">La Th\u00e8se Onnicr\u00e9ative ne contredit pas la science moderne, mais nous en reconnaissons les limites historiques et m\u00e9thodologiques. L\u2019Onnicr\u00e9ativit\u00e9, l\u2019esprit, l\u2019\u00e2me et la r\u00e9alit\u00e9 Extraterrestre sont des hypoth\u00e8ses compatibles avec la <strong>science du futur<\/strong>. Ce Trait\u00e9 ne demande que la disponibilit\u00e9 \u00e0 suivre une reconstruction rationnelle, coh\u00e9rente et non consolatoire du destin humain.<\/p>\n<\/section>\n<hr style=\"margin: 50px 0; border: 0; border-top: 2px solid #9e480e;\" \/>\n<div style=\"background-color: #fdfaf5; padding: 30px; border-radius: 8px; border: 1px solid #e8dcb3;\">\n<p style=\"font-weight: bold; text-align: center; color: #9e480e; font-size: 28px; font-family: 'Trebuchet MS', sans-serif; margin-bottom: 30px;\">T\u00c9L\u00c9CHARGEMENT GRATUIT<\/p>\n<form id=\"richiesta_form\" style=\"max-width: 600px; margin: 0 auto; font-family: sans-serif;\" action=\"\/spedisci_bibbia.php\" method=\"post\" name=\"richiesta_form\"><input name=\"lingua\" type=\"hidden\" value=\"fr\" \/><\/p>\n<div style=\"margin-bottom: 20px;\"><label style=\"display: block; margin-bottom: 8px; font-weight: bold; font-size: 14px; color: #444;\" for=\"pos\">MA POSITION CONCERNANT LA PR\u00c9SENCE EXTRATERRESTRE DANS LA BIBLE<\/label><br \/>\n<select id=\"pos\" style=\"width: 100%; padding: 12px; border-radius: 4px; border: 1px solid #ccc;\" name=\"pos\" required=\"\"><option value=\"\">&#8212; S\u00e9lectionnez la v\u00f4tre &#8212;<\/option><option value=\"Favorevole\">Favorable<\/option><option value=\"Incerta\">Incertaine<\/option><option value=\"Scettica\">Sceptique<\/option><option value=\"Sfavorevole\">D\u00e9favorable<\/option><\/select><\/div>\n<div style=\"margin-bottom: 20px;\"><label style=\"display: block; margin-bottom: 8px; font-weight: bold; font-size: 14px; color: #444;\" for=\"formato\">CHOISISSEZ LE FORMAT QUI VOUS CONVIENT LE MIEUX<\/label><br \/>\n<select id=\"formato\" style=\"width: 100%; padding: 12px; border-radius: 4px; border: 1px solid #ccc;\" name=\"formato\" required=\"\"><option value=\"\">&#8212; S\u00e9lectionnez un format &#8212;<\/option><option value=\"A4\">A4 \u2192 pour impression recto-verso<\/option><option value=\"A5\">A5 \u2192 pour lecture sur tablette\/ordinateur<\/option><option value=\"epub\">EPUB \u2192 e-book \/ tablette \/ smartphone<\/option><option value=\"mobi\">MOBI \u2192 e-book \/ tablette \/ smartphone<\/option><\/select><\/div>\n<div style=\"margin-bottom: 25px;\"><label style=\"display: block; margin-bottom: 8px; font-weight: bold; font-size: 14px; color: #444;\" for=\"mail\">E-MAIL<\/label><br \/>\n<input id=\"mail\" style=\"width: 100%; padding: 12px; border-radius: 4px; border: 1px solid #ccc; box-sizing: border-box;\" name=\"mail\" required=\"\" type=\"email\" placeholder=\"entrez votre adresse e-mail...\" \/><\/div>\n<div style=\"text-align: center;\"><input style=\"background-color: #9e480e; color: white; padding: 15px 40px; border: none; border-radius: 4px; font-size: 18px; font-weight: bold; cursor: pointer; transition: background 0.3s;\" type=\"submit\" value=\"Envoyer la Demande\" \/><\/div>\n<\/form>\n<\/div>\n<footer style=\"text-align: center; margin-top: 40px; color: #95a5a6; font-size: 13px;\">\u00a9 2026 iarga.it &#8211; Recherche et Diffusion &#8211; Projet Omnicr\u00e9atif<\/footer>\n<\/div>\n<p><script type=\"text\/javascript\" src=\"\/bibbia-wp-custom.js\"><\/script><\/p>\n","protected":false},"excerpt":{"rendered":"<p>LA BIBLE : RELIGION OU RAISON? D&#8217;Abraham \u00e0 J\u00e9sus, un projet extraterrestre. Publi\u00e9 in 9 langues T\u00c9L\u00c9CHARGEMENT GRATUIT La Gen\u00e8se raconte, dans une perspective mythico-symbolique, un Dieu qui cr\u00e9e l&#8217;Univers, mais la tradition biblique&#46;&#46;&#46;<\/p>\n","protected":false},"author":2,"featured_media":0,"parent":0,"menu_order":0,"comment_status":"closed","ping_status":"closed","template":"","meta":{"footnotes":""},"class_list":["post-103","page","type-page","status-publish","hentry"],"yoast_head":"<!-- This site is optimized with the Yoast SEO plugin v26.6 - https:\/\/yoast.com\/wordpress\/plugins\/seo\/ -->\n<title>La Bible : religion ou raison ? | Relecture rationnelle | Bibbia ET<\/title>\n<meta name=\"description\" content=\"Relecture rationnelle de la Bible : \u00c9lohim, anges, interventions mat\u00e9rielles et Projet Onnicr\u00e9atif, jusqu\u2019\u00e0 J\u00e9sus le Christ et la Fin des Temps.\" \/>\n<meta name=\"robots\" content=\"index, follow, max-snippet:-1, max-image-preview:large, max-video-preview:-1\" \/>\n<link rel=\"canonical\" href=\"https:\/\/iarga.it\/religione-ragione\/fr\/page-daccueil\/\" \/>\n<meta property=\"og:locale\" content=\"it_IT\" \/>\n<meta property=\"og:type\" content=\"article\" \/>\n<meta property=\"og:title\" content=\"La Bible : religion ou raison ? | Relecture rationnelle | Bibbia ET\" \/>\n<meta property=\"og:description\" content=\"Relecture rationnelle de la Bible : \u00c9lohim, anges, interventions mat\u00e9rielles et Projet Onnicr\u00e9atif, jusqu\u2019\u00e0 J\u00e9sus le Christ et la Fin des Temps.\" \/>\n<meta property=\"og:url\" content=\"https:\/\/iarga.it\/religione-ragione\/fr\/page-daccueil\/\" \/>\n<meta property=\"og:site_name\" content=\"Bibbia ET\" \/>\n<meta property=\"article:modified_time\" content=\"2026-01-30T07:47:58+00:00\" \/>\n<meta property=\"og:image\" content=\"https:\/\/iarga.it\/religione-ragione\/wp-content\/uploads\/2026\/01\/Cover-piccola-FR.jpg\" \/>\n\t<meta property=\"og:image:width\" content=\"214\" \/>\n\t<meta property=\"og:image:height\" content=\"300\" \/>\n\t<meta property=\"og:image:type\" content=\"image\/jpeg\" \/>\n<meta name=\"twitter:card\" content=\"summary_large_image\" \/>\n<meta name=\"twitter:label1\" content=\"Tempo di lettura stimato\" \/>\n\t<meta name=\"twitter:data1\" content=\"4 minuti\" \/>\n<script type=\"application\/ld+json\" class=\"yoast-schema-graph\">{\"@context\":\"https:\/\/schema.org\",\"@graph\":[{\"@type\":\"WebPage\",\"@id\":\"https:\/\/iarga.it\/religione-ragione\/fr\/page-daccueil\/\",\"url\":\"https:\/\/iarga.it\/religione-ragione\/fr\/page-daccueil\/\",\"name\":\"La Bible : religion ou raison ? | Relecture rationnelle | Bibbia ET\",\"isPartOf\":{\"@id\":\"https:\/\/iarga.it\/religione-ragione\/#website\"},\"primaryImageOfPage\":{\"@id\":\"https:\/\/iarga.it\/religione-ragione\/fr\/page-daccueil\/#primaryimage\"},\"image\":{\"@id\":\"https:\/\/iarga.it\/religione-ragione\/fr\/page-daccueil\/#primaryimage\"},\"thumbnailUrl\":\"https:\/\/iarga.it\/religione-ragione\/wp-content\/uploads\/2026\/01\/Cover-piccola-FR.jpg\",\"datePublished\":\"2025-12-16T07:19:01+00:00\",\"dateModified\":\"2026-01-30T07:47:58+00:00\",\"description\":\"Relecture rationnelle de la Bible : \u00c9lohim, anges, interventions mat\u00e9rielles et Projet Onnicr\u00e9atif, jusqu\u2019\u00e0 J\u00e9sus le Christ et la Fin des Temps.\",\"breadcrumb\":{\"@id\":\"https:\/\/iarga.it\/religione-ragione\/fr\/page-daccueil\/#breadcrumb\"},\"inLanguage\":\"it-IT\",\"potentialAction\":[{\"@type\":\"ReadAction\",\"target\":[\"https:\/\/iarga.it\/religione-ragione\/fr\/page-daccueil\/\"]}]},{\"@type\":\"ImageObject\",\"inLanguage\":\"it-IT\",\"@id\":\"https:\/\/iarga.it\/religione-ragione\/fr\/page-daccueil\/#primaryimage\",\"url\":\"https:\/\/iarga.it\/religione-ragione\/wp-content\/uploads\/2026\/01\/Cover-piccola-FR.jpg\",\"contentUrl\":\"https:\/\/iarga.it\/religione-ragione\/wp-content\/uploads\/2026\/01\/Cover-piccola-FR.jpg\",\"width\":214,\"height\":300},{\"@type\":\"BreadcrumbList\",\"@id\":\"https:\/\/iarga.it\/religione-ragione\/fr\/page-daccueil\/#breadcrumb\",\"itemListElement\":[{\"@type\":\"ListItem\",\"position\":1,\"name\":\"Home\",\"item\":\"https:\/\/iarga.it\/religione-ragione\/\"},{\"@type\":\"ListItem\",\"position\":2,\"name\":\"Page d&#8217;accueil\"}]},{\"@type\":\"WebSite\",\"@id\":\"https:\/\/iarga.it\/religione-ragione\/#website\",\"url\":\"https:\/\/iarga.it\/religione-ragione\/\",\"name\":\"Bibbia ET\",\"description\":\"\",\"potentialAction\":[{\"@type\":\"SearchAction\",\"target\":{\"@type\":\"EntryPoint\",\"urlTemplate\":\"https:\/\/iarga.it\/religione-ragione\/?s={search_term_string}\"},\"query-input\":{\"@type\":\"PropertyValueSpecification\",\"valueRequired\":true,\"valueName\":\"search_term_string\"}}],\"inLanguage\":\"it-IT\"}]}<\/script>\n<!-- \/ Yoast SEO plugin. -->","yoast_head_json":{"title":"La Bible : religion ou raison ? | Relecture rationnelle | Bibbia ET","description":"Relecture rationnelle de la Bible : \u00c9lohim, anges, interventions mat\u00e9rielles et Projet Onnicr\u00e9atif, jusqu\u2019\u00e0 J\u00e9sus le Christ et la Fin des Temps.","robots":{"index":"index","follow":"follow","max-snippet":"max-snippet:-1","max-image-preview":"max-image-preview:large","max-video-preview":"max-video-preview:-1"},"canonical":"https:\/\/iarga.it\/religione-ragione\/fr\/page-daccueil\/","og_locale":"it_IT","og_type":"article","og_title":"La Bible : religion ou raison ? | Relecture rationnelle | Bibbia ET","og_description":"Relecture rationnelle de la Bible : \u00c9lohim, anges, interventions mat\u00e9rielles et Projet Onnicr\u00e9atif, jusqu\u2019\u00e0 J\u00e9sus le Christ et la Fin des Temps.","og_url":"https:\/\/iarga.it\/religione-ragione\/fr\/page-daccueil\/","og_site_name":"Bibbia ET","article_modified_time":"2026-01-30T07:47:58+00:00","og_image":[{"width":214,"height":300,"url":"https:\/\/iarga.it\/religione-ragione\/wp-content\/uploads\/2026\/01\/Cover-piccola-FR.jpg","type":"image\/jpeg"}],"twitter_card":"summary_large_image","twitter_misc":{"Tempo di lettura stimato":"4 minuti"},"schema":{"@context":"https:\/\/schema.org","@graph":[{"@type":"WebPage","@id":"https:\/\/iarga.it\/religione-ragione\/fr\/page-daccueil\/","url":"https:\/\/iarga.it\/religione-ragione\/fr\/page-daccueil\/","name":"La Bible : religion ou raison ? | Relecture rationnelle | Bibbia ET","isPartOf":{"@id":"https:\/\/iarga.it\/religione-ragione\/#website"},"primaryImageOfPage":{"@id":"https:\/\/iarga.it\/religione-ragione\/fr\/page-daccueil\/#primaryimage"},"image":{"@id":"https:\/\/iarga.it\/religione-ragione\/fr\/page-daccueil\/#primaryimage"},"thumbnailUrl":"https:\/\/iarga.it\/religione-ragione\/wp-content\/uploads\/2026\/01\/Cover-piccola-FR.jpg","datePublished":"2025-12-16T07:19:01+00:00","dateModified":"2026-01-30T07:47:58+00:00","description":"Relecture rationnelle de la Bible : \u00c9lohim, anges, interventions mat\u00e9rielles et Projet Onnicr\u00e9atif, jusqu\u2019\u00e0 J\u00e9sus le Christ et la Fin des Temps.","breadcrumb":{"@id":"https:\/\/iarga.it\/religione-ragione\/fr\/page-daccueil\/#breadcrumb"},"inLanguage":"it-IT","potentialAction":[{"@type":"ReadAction","target":["https:\/\/iarga.it\/religione-ragione\/fr\/page-daccueil\/"]}]},{"@type":"ImageObject","inLanguage":"it-IT","@id":"https:\/\/iarga.it\/religione-ragione\/fr\/page-daccueil\/#primaryimage","url":"https:\/\/iarga.it\/religione-ragione\/wp-content\/uploads\/2026\/01\/Cover-piccola-FR.jpg","contentUrl":"https:\/\/iarga.it\/religione-ragione\/wp-content\/uploads\/2026\/01\/Cover-piccola-FR.jpg","width":214,"height":300},{"@type":"BreadcrumbList","@id":"https:\/\/iarga.it\/religione-ragione\/fr\/page-daccueil\/#breadcrumb","itemListElement":[{"@type":"ListItem","position":1,"name":"Home","item":"https:\/\/iarga.it\/religione-ragione\/"},{"@type":"ListItem","position":2,"name":"Page d&#8217;accueil"}]},{"@type":"WebSite","@id":"https:\/\/iarga.it\/religione-ragione\/#website","url":"https:\/\/iarga.it\/religione-ragione\/","name":"Bibbia ET","description":"","potentialAction":[{"@type":"SearchAction","target":{"@type":"EntryPoint","urlTemplate":"https:\/\/iarga.it\/religione-ragione\/?s={search_term_string}"},"query-input":{"@type":"PropertyValueSpecification","valueRequired":true,"valueName":"search_term_string"}}],"inLanguage":"it-IT"}]}},"_links":{"self":[{"href":"https:\/\/iarga.it\/religione-ragione\/wp-json\/wp\/v2\/pages\/103","targetHints":{"allow":["GET"]}}],"collection":[{"href":"https:\/\/iarga.it\/religione-ragione\/wp-json\/wp\/v2\/pages"}],"about":[{"href":"https:\/\/iarga.it\/religione-ragione\/wp-json\/wp\/v2\/types\/page"}],"author":[{"embeddable":true,"href":"https:\/\/iarga.it\/religione-ragione\/wp-json\/wp\/v2\/users\/2"}],"replies":[{"embeddable":true,"href":"https:\/\/iarga.it\/religione-ragione\/wp-json\/wp\/v2\/comments?post=103"}],"version-history":[{"count":32,"href":"https:\/\/iarga.it\/religione-ragione\/wp-json\/wp\/v2\/pages\/103\/revisions"}],"predecessor-version":[{"id":408,"href":"https:\/\/iarga.it\/religione-ragione\/wp-json\/wp\/v2\/pages\/103\/revisions\/408"}],"wp:attachment":[{"href":"https:\/\/iarga.it\/religione-ragione\/wp-json\/wp\/v2\/media?parent=103"}],"curies":[{"name":"wp","href":"https:\/\/api.w.org\/{rel}","templated":true}]}}